{"id":1023,"date":"2020-04-03T06:57:46","date_gmt":"2020-04-03T06:57:46","guid":{"rendered":"http:\/\/naervarme.dk\/erhverv\/?page_id=1023"},"modified":"2022-11-24T13:37:11","modified_gmt":"2022-11-24T11:37:11","slug":"kontakt","status":"publish","type":"page","link":"https:\/\/naervarme.dk\/erhverv\/kontakt\/","title":{"rendered":"Kontakt"},"content":{"rendered":"\t\t<div data-elementor-type=\"wp-page\" data-elementor-id=\"1023\" class=\"elementor elementor-1023\" data-elementor-post-type=\"page\">\n\t\t\t\t\t\t<section class=\"has_eae_slider elementor-section elementor-top-section elementor-element elementor-element-7a177de6 elementor-section-stretched elementor-section-full_width elementor-section-content-bottom elementor-section-height-default elementor-section-height-default\" data-eae-slider=\"30980\" data-id=\"7a177de6\" data-element_type=\"section\" data-settings=\"{&quot;background_background&quot;:&quot;classic&quot;,&quot;stretch_section&quot;:&quot;section-stretched&quot;}\">\n\t\t\t\t\t\t<div class=\"elementor-container elementor-column-gap-default\">\n\t\t\t\t\t<div class=\"has_eae_slider elementor-column elementor-col-50 elementor-top-column elementor-element elementor-element-1b445f8c\" data-eae-slider=\"84388\" data-id=\"1b445f8c\" data-element_type=\"column\">\n\t\t\t<div class=\"elementor-widget-wrap elementor-element-populated\">\n\t\t\t\t\t\t<section class=\"has_eae_slider elementor-section elementor-inner-section elementor-element elementor-element-66261bc9 elementor-section-boxed elementor-section-height-default elementor-section-height-default\" data-eae-slider=\"35327\" data-id=\"66261bc9\" data-element_type=\"section\">\n\t\t\t\t\t\t<div class=\"elementor-container elementor-column-gap-default\">\n\t\t\t\t\t<div class=\"has_eae_slider elementor-column elementor-col-100 elementor-inner-column elementor-element elementor-element-4c2f5185\" data-eae-slider=\"66281\" data-id=\"4c2f5185\" data-element_type=\"column\">\n\t\t\t<div class=\"elementor-widget-wrap elementor-element-populated\">\n\t\t\t\t\t\t<div class=\"elementor-element elementor-element-9bc4d10 elementor-widget elementor-widget-heading\" data-id=\"9bc4d10\" data-element_type=\"widget\" data-widget_type=\"heading.default\">\n\t\t\t\t<div class=\"elementor-widget-container\">\n\t\t\t\t\t<h1 class=\"elementor-heading-title elementor-size-default\">Kontakt os og h\u00f8r mere<\/h1>\t\t\t\t<\/div>\n\t\t\t\t<\/div>\n\t\t\t\t<div class=\"elementor-element elementor-element-7cfdc936 streg elementor-view-default elementor-widget elementor-widget-icon\" data-id=\"7cfdc936\" data-element_type=\"widget\" data-widget_type=\"icon.default\">\n\t\t\t\t<div class=\"elementor-widget-container\">\n\t\t\t\t\t\t\t<div class=\"elementor-icon-wrapper\">\n\t\t\t<div class=\"elementor-icon\">\n\t\t\t<svg xmlns=\"http:\/\/www.w3.org\/2000\/svg\" xmlns:xlink=\"http:\/\/www.w3.org\/1999\/xlink\" width=\"252.878\" height=\"41.148\" viewBox=\"0 0 252.878 41.148\"><defs><style>.a,.c{fill:none;}.b{clip-path:url(#a);}.c{stroke:#578d52;stroke-linecap:round;stroke-width:5.787px;}<\/style><clipPath id=\"a\"><path class=\"a\" d=\"M0,0H252.878V-41.148H0Z\" transform=\"translate(0 41.148)\"><\/path><\/clipPath><\/defs><g class=\"b\"><g transform=\"translate(2.894 2.894)\"><path class=\"c\" d=\"M0,0C15.616-17.691,38.613-21.388,56.253-4.775c8.2,7.726,14.691,17.326,25.709,20.831,10.63,3.382,22.02,1.034,31.069-5.513,13.543-9.8,23.6-28.191,41.8-28.308,19.49-.125,28.828,16.992,43.066,27.485,17.723,13.06,35.228,4.47,49.2-9.592\" transform=\"translate(0 17.766)\"><\/path><\/g><\/g><\/svg>\t\t\t<\/div>\n\t\t<\/div>\n\t\t\t\t\t\t<\/div>\n\t\t\t\t<\/div>\n\t\t\t\t<div class=\"elementor-element elementor-element-655afecd elementor-widget elementor-widget-text-editor\" data-id=\"655afecd\" data-element_type=\"widget\" data-widget_type=\"text-editor.default\">\n\t\t\t\t<div class=\"elementor-widget-container\">\n\t\t\t\t\t\t\t\t\t<p>Bestil et tilbud p\u00e5 en luft til vand varmepumpe p\u00e5 abonnement eller k\u00f8b med serviceaftale. Det er helt uforpligtende og gratis. Du kan ogs\u00e5 ringe p\u00e5 70 22 12 14.<\/p>\t\t\t\t\t\t\t\t<\/div>\n\t\t\t\t<\/div>\n\t\t\t\t<div class=\"elementor-element elementor-element-596de30c elementor-align-left elementor-tablet-align-justify elementor-mobile-align-justify elementor-widget elementor-widget-button\" data-id=\"596de30c\" data-element_type=\"widget\" data-widget_type=\"button.default\">\n\t\t\t\t<div class=\"elementor-widget-container\">\n\t\t\t\t\t\t\t\t\t<div class=\"elementor-button-wrapper\">\n\t\t\t\t\t<a class=\"elementor-button elementor-button-link elementor-size-lg elementor-animation-grow\" href=\"https:\/\/naervarme.dk\/erhverv\/bestil-tilbud-erhvervsloesning\/\">\n\t\t\t\t\t\t<span class=\"elementor-button-content-wrapper\">\n\t\t\t\t\t\t\t\t\t<span class=\"elementor-button-text\">Bestil tilbud eller h\u00f8r mere<\/span>\n\t\t\t\t\t<\/span>\n\t\t\t\t\t<\/a>\n\t\t\t\t<\/div>\n\t\t\t\t\t\t\t\t<\/div>\n\t\t\t\t<\/div>\n\t\t\t\t\t<\/div>\n\t\t<\/div>\n\t\t\t\t\t<\/div>\n\t\t<\/section>\n\t\t\t\t\t<\/div>\n\t\t<\/div>\n\t\t\t\t<div class=\"has_eae_slider elementor-column elementor-col-50 elementor-top-column elementor-element elementor-element-7960130a\" data-eae-slider=\"5058\" data-id=\"7960130a\" data-element_type=\"column\">\n\t\t\t<div class=\"elementor-widget-wrap elementor-element-populated\">\n\t\t\t\t\t\t<div class=\"elementor-element elementor-element-58089bc3 elementor-widget elementor-widget-image\" data-id=\"58089bc3\" data-element_type=\"widget\" data-widget_type=\"image.default\">\n\t\t\t\t<div class=\"elementor-widget-container\">\n\t\t\t\t\t\t\t\t\t\t\t\t\t\t\t<img fetchpriority=\"high\" decoding=\"async\" width=\"1200\" height=\"655\" src=\"https:\/\/naervarme.dk\/erhverv\/wp-content\/uploads\/sites\/5\/Pris-for-varmepumpe-koeb-eller-leje.png\" class=\"attachment-full size-full wp-image-8648\" alt=\"Pris for varmepumpe til erhverv og boligforeninger.\" srcset=\"https:\/\/naervarme.dk\/erhverv\/wp-content\/uploads\/sites\/5\/Pris-for-varmepumpe-koeb-eller-leje.png 1200w, https:\/\/naervarme.dk\/erhverv\/wp-content\/uploads\/sites\/5\/Pris-for-varmepumpe-koeb-eller-leje-300x164.png 300w, https:\/\/naervarme.dk\/erhverv\/wp-content\/uploads\/sites\/5\/Pris-for-varmepumpe-koeb-eller-leje-1024x559.png 1024w, https:\/\/naervarme.dk\/erhverv\/wp-content\/uploads\/sites\/5\/Pris-for-varmepumpe-koeb-eller-leje-768x419.png 768w\" sizes=\"(max-width: 1200px) 100vw, 1200px\" \/>\t\t\t\t\t\t\t\t\t\t\t\t\t\t\t<\/div>\n\t\t\t\t<\/div>\n\t\t\t\t\t<\/div>\n\t\t<\/div>\n\t\t\t\t\t<\/div>\n\t\t<\/section>\n\t\t\t\t<\/div>\n\t\t","protected":false},"excerpt":{"rendered":"<p>Kontakt os og h\u00f8r mere Bestil et tilbud p\u00e5 en luft til vand varmepumpe p\u00e5 abonnement eller k\u00f8b med serviceaftale. Det er helt uforpligtende og gratis. Du kan ogs\u00e5 ringe p\u00e5 70 22 12 14. Bestil tilbud eller h\u00f8r mere<\/p>\n","protected":false},"author":1,"featured_media":0,"parent":0,"menu_order":0,"comment_status":"closed","ping_status":"closed","template":"","meta":{"_acf_changed":false,"footnotes":""},"class_list":["post-1023","page","type-page","status-publish","hentry"],"acf":[],"yoast_head":"<!-- This site is optimized with the Yoast SEO Premium plugin v27.1 (Yoast SEO v27.1.1) - https:\/\/yoast.com\/product\/yoast-seo-premium-wordpress\/ -->\n<title>Kontakt N\u00e6rvarme Danmark A\/S - Kundeservice og servicetelefon<\/title>\n<meta name=\"description\" content=\"Kontakt N\u00e6rvarme Danmark A\/S p\u00e5 70 20 12 14 mandag - torsdag 8.30 - 15.30 og fredag 8.30 - 12.00. L\u00f8rdag og s\u00f8ndag er der lukket (Servicenr. 70 22 23 12).\" \/>\n<meta name=\"robots\" content=\"index, follow, max-snippet:-1, max-image-preview:large, max-video-preview:-1\" \/>\n<link rel=\"canonical\" href=\"https:\/\/naervarme.dk\/kontakt\/\" \/>\n<meta property=\"og:locale\" content=\"da_DK\" \/>\n<meta property=\"og:type\" content=\"article\" \/>\n<meta property=\"og:title\" content=\"Kontakt\" \/>\n<meta property=\"og:description\" content=\"Kontakt N\u00e6rvarme Danmark A\/S p\u00e5 70 20 12 14 mandag - torsdag 8.30 - 15.30 og fredag 8.30 - 12.00. L\u00f8rdag og s\u00f8ndag er der lukket (Servicenr. 70 22 23 12).\" \/>\n<meta property=\"og:url\" content=\"https:\/\/naervarme.dk\/kontakt\/\" \/>\n<meta property=\"og:site_name\" content=\"N\u00e6rvarme Danmark A\/S - Erhverv\" \/>\n<meta property=\"article:publisher\" content=\"https:\/\/www.facebook.com\/NaervarmeDanmark\" \/>\n<meta property=\"article:modified_time\" content=\"2022-11-24T11:37:11+00:00\" \/>\n<meta property=\"og:image\" content=\"https:\/\/naervarme.dk\/erhverv\/wp-content\/uploads\/sites\/5\/Pris-for-varmepumpe-koeb-eller-leje.png\" \/>\n<meta name=\"twitter:card\" content=\"summary_large_image\" \/>\n<meta name=\"twitter:site\" content=\"@NaervarmeDK\" \/>\n<meta name=\"twitter:label1\" content=\"Estimeret l\u00e6setid\" \/>\n\t<meta name=\"twitter:data1\" content=\"1 minut\" \/>\n<script type=\"application\/ld+json\" class=\"yoast-schema-graph\">{\"@context\":\"https:\/\/schema.org\",\"@graph\":[{\"@type\":\"WebPage\",\"@id\":\"https:\/\/naervarme.dk\/erhverv\/kontakt\/\",\"url\":\"https:\/\/naervarme.dk\/kontakt\/\",\"name\":\"Kontakt N\u00e6rvarme Danmark A\/S - Kundeservice og servicetelefon\",\"isPartOf\":{\"@id\":\"https:\/\/naervarme.dk\/erhverv\/#website\"},\"primaryImageOfPage\":{\"@id\":\"https:\/\/naervarme.dk\/kontakt\/#primaryimage\"},\"image\":{\"@id\":\"https:\/\/naervarme.dk\/kontakt\/#primaryimage\"},\"thumbnailUrl\":\"https:\/\/naervarme.dk\/erhverv\/wp-content\/uploads\/sites\/5\/Pris-for-varmepumpe-koeb-eller-leje.png\",\"datePublished\":\"2020-04-03T06:57:46+00:00\",\"dateModified\":\"2022-11-24T11:37:11+00:00\",\"description\":\"Kontakt N\u00e6rvarme Danmark A\/S p\u00e5 70 20 12 14 mandag - torsdag 8.30 - 15.30 og fredag 8.30 - 12.00. L\u00f8rdag og s\u00f8ndag er der lukket (Servicenr. 70 22 23 12).\",\"breadcrumb\":{\"@id\":\"https:\/\/naervarme.dk\/kontakt\/#breadcrumb\"},\"inLanguage\":\"da-DK\",\"potentialAction\":[{\"@type\":\"ReadAction\",\"target\":[\"https:\/\/naervarme.dk\/kontakt\/\"]}]},{\"@type\":\"ImageObject\",\"inLanguage\":\"da-DK\",\"@id\":\"https:\/\/naervarme.dk\/kontakt\/#primaryimage\",\"url\":\"https:\/\/naervarme.dk\/erhverv\/wp-content\/uploads\/sites\/5\/Pris-for-varmepumpe-koeb-eller-leje.png\",\"contentUrl\":\"https:\/\/naervarme.dk\/erhverv\/wp-content\/uploads\/sites\/5\/Pris-for-varmepumpe-koeb-eller-leje.png\",\"width\":1200,\"height\":655,\"caption\":\"Pris for varmepumpe til erhverv og boligforeninger.\"},{\"@type\":\"BreadcrumbList\",\"@id\":\"https:\/\/naervarme.dk\/kontakt\/#breadcrumb\",\"itemListElement\":[{\"@type\":\"ListItem\",\"position\":1,\"name\":\"Hjem\",\"item\":\"https:\/\/naervarme.dk\/erhverv\/\"},{\"@type\":\"ListItem\",\"position\":2,\"name\":\"Kontakt\"}]},{\"@type\":\"WebSite\",\"@id\":\"https:\/\/naervarme.dk\/erhverv\/#website\",\"url\":\"https:\/\/naervarme.dk\/erhverv\/\",\"name\":\"N\u00e6rvarme Danmark A\/S - Erhverv\",\"description\":\"| N\u00e6rvarme med luft til vand varmepumper p\u00e5 abonnement. Helt enkelt.\",\"publisher\":{\"@id\":\"https:\/\/naervarme.dk\/erhverv\/#organization\"},\"potentialAction\":[{\"@type\":\"SearchAction\",\"target\":{\"@type\":\"EntryPoint\",\"urlTemplate\":\"https:\/\/naervarme.dk\/erhverv\/?s={search_term_string}\"},\"query-input\":{\"@type\":\"PropertyValueSpecification\",\"valueRequired\":true,\"valueName\":\"search_term_string\"}}],\"inLanguage\":\"da-DK\"},{\"@type\":\"Organization\",\"@id\":\"https:\/\/naervarme.dk\/erhverv\/#organization\",\"name\":\"N\u00e6rvarme Danmark A\/S\",\"url\":\"https:\/\/naervarme.dk\/erhverv\/\",\"logo\":{\"@type\":\"ImageObject\",\"inLanguage\":\"da-DK\",\"@id\":\"https:\/\/naervarme.dk\/erhverv\/#\/schema\/logo\/image\/\",\"url\":\"https:\/\/naervarme.dk\/erhverv\/wp-content\/uploads\/sites\/5\/2020\/03\/gr\u00f8n-logo.png\",\"contentUrl\":\"https:\/\/naervarme.dk\/erhverv\/wp-content\/uploads\/sites\/5\/2020\/03\/gr\u00f8n-logo.png\",\"width\":2436,\"height\":524,\"caption\":\"N\u00e6rvarme Danmark A\/S\"},\"image\":{\"@id\":\"https:\/\/naervarme.dk\/erhverv\/#\/schema\/logo\/image\/\"},\"sameAs\":[\"https:\/\/www.facebook.com\/NaervarmeDanmark\",\"https:\/\/x.com\/NaervarmeDK\",\"https:\/\/www.linkedin.com\/company\/nrvarme-danmark\/\",\"https:\/\/www.instagram.com\/naervarmedanmark\/\",\"https:\/\/www.youtube.com\/channel\/UCD5SIHeT43b5-nZn8FkWubg\"]}]}<\/script>\n<!-- \/ Yoast SEO Premium plugin. -->","yoast_head_json":{"title":"Kontakt N\u00e6rvarme Danmark A\/S - Kundeservice og servicetelefon","description":"Kontakt N\u00e6rvarme Danmark A\/S p\u00e5 70 20 12 14 mandag - torsdag 8.30 - 15.30 og fredag 8.30 - 12.00. L\u00f8rdag og s\u00f8ndag er der lukket (Servicenr. 70 22 23 12).","robots":{"index":"index","follow":"follow","max-snippet":"max-snippet:-1","max-image-preview":"max-image-preview:large","max-video-preview":"max-video-preview:-1"},"canonical":"https:\/\/naervarme.dk\/kontakt\/","og_locale":"da_DK","og_type":"article","og_title":"Kontakt","og_description":"Kontakt N\u00e6rvarme Danmark A\/S p\u00e5 70 20 12 14 mandag - torsdag 8.30 - 15.30 og fredag 8.30 - 12.00. L\u00f8rdag og s\u00f8ndag er der lukket (Servicenr. 70 22 23 12).","og_url":"https:\/\/naervarme.dk\/kontakt\/","og_site_name":"N\u00e6rvarme Danmark A\/S - Erhverv","article_publisher":"https:\/\/www.facebook.com\/NaervarmeDanmark","article_modified_time":"2022-11-24T11:37:11+00:00","og_image":[{"url":"https:\/\/naervarme.dk\/erhverv\/wp-content\/uploads\/sites\/5\/Pris-for-varmepumpe-koeb-eller-leje.png","type":"","width":"","height":""}],"twitter_card":"summary_large_image","twitter_site":"@NaervarmeDK","twitter_misc":{"Estimeret l\u00e6setid":"1 minut"},"schema":{"@context":"https:\/\/schema.org","@graph":[{"@type":"WebPage","@id":"https:\/\/naervarme.dk\/erhverv\/kontakt\/","url":"https:\/\/naervarme.dk\/kontakt\/","name":"Kontakt N\u00e6rvarme Danmark A\/S - Kundeservice og servicetelefon","isPartOf":{"@id":"https:\/\/naervarme.dk\/erhverv\/#website"},"primaryImageOfPage":{"@id":"https:\/\/naervarme.dk\/kontakt\/#primaryimage"},"image":{"@id":"https:\/\/naervarme.dk\/kontakt\/#primaryimage"},"thumbnailUrl":"https:\/\/naervarme.dk\/erhverv\/wp-content\/uploads\/sites\/5\/Pris-for-varmepumpe-koeb-eller-leje.png","datePublished":"2020-04-03T06:57:46+00:00","dateModified":"2022-11-24T11:37:11+00:00","description":"Kontakt N\u00e6rvarme Danmark A\/S p\u00e5 70 20 12 14 mandag - torsdag 8.30 - 15.30 og fredag 8.30 - 12.00. L\u00f8rdag og s\u00f8ndag er der lukket (Servicenr. 70 22 23 12).","breadcrumb":{"@id":"https:\/\/naervarme.dk\/kontakt\/#breadcrumb"},"inLanguage":"da-DK","potentialAction":[{"@type":"ReadAction","target":["https:\/\/naervarme.dk\/kontakt\/"]}]},{"@type":"ImageObject","inLanguage":"da-DK","@id":"https:\/\/naervarme.dk\/kontakt\/#primaryimage","url":"https:\/\/naervarme.dk\/erhverv\/wp-content\/uploads\/sites\/5\/Pris-for-varmepumpe-koeb-eller-leje.png","contentUrl":"https:\/\/naervarme.dk\/erhverv\/wp-content\/uploads\/sites\/5\/Pris-for-varmepumpe-koeb-eller-leje.png","width":1200,"height":655,"caption":"Pris for varmepumpe til erhverv og boligforeninger."},{"@type":"BreadcrumbList","@id":"https:\/\/naervarme.dk\/kontakt\/#breadcrumb","itemListElement":[{"@type":"ListItem","position":1,"name":"Hjem","item":"https:\/\/naervarme.dk\/erhverv\/"},{"@type":"ListItem","position":2,"name":"Kontakt"}]},{"@type":"WebSite","@id":"https:\/\/naervarme.dk\/erhverv\/#website","url":"https:\/\/naervarme.dk\/erhverv\/","name":"N\u00e6rvarme Danmark A\/S - Erhverv","description":"| N\u00e6rvarme med luft til vand varmepumper p\u00e5 abonnement. Helt enkelt.","publisher":{"@id":"https:\/\/naervarme.dk\/erhverv\/#organization"},"potentialAction":[{"@type":"SearchAction","target":{"@type":"EntryPoint","urlTemplate":"https:\/\/naervarme.dk\/erhverv\/?s={search_term_string}"},"query-input":{"@type":"PropertyValueSpecification","valueRequired":true,"valueName":"search_term_string"}}],"inLanguage":"da-DK"},{"@type":"Organization","@id":"https:\/\/naervarme.dk\/erhverv\/#organization","name":"N\u00e6rvarme Danmark A\/S","url":"https:\/\/naervarme.dk\/erhverv\/","logo":{"@type":"ImageObject","inLanguage":"da-DK","@id":"https:\/\/naervarme.dk\/erhverv\/#\/schema\/logo\/image\/","url":"https:\/\/naervarme.dk\/erhverv\/wp-content\/uploads\/sites\/5\/2020\/03\/gr\u00f8n-logo.png","contentUrl":"https:\/\/naervarme.dk\/erhverv\/wp-content\/uploads\/sites\/5\/2020\/03\/gr\u00f8n-logo.png","width":2436,"height":524,"caption":"N\u00e6rvarme Danmark A\/S"},"image":{"@id":"https:\/\/naervarme.dk\/erhverv\/#\/schema\/logo\/image\/"},"sameAs":["https:\/\/www.facebook.com\/NaervarmeDanmark","https:\/\/x.com\/NaervarmeDK","https:\/\/www.linkedin.com\/company\/nrvarme-danmark\/","https:\/\/www.instagram.com\/naervarmedanmark\/","https:\/\/www.youtube.com\/channel\/UCD5SIHeT43b5-nZn8FkWubg"]}]}},"_links":{"self":[{"href":"https:\/\/naervarme.dk\/erhverv\/wp-json\/wp\/v2\/pages\/1023","targetHints":{"allow":["GET"]}}],"collection":[{"href":"https:\/\/naervarme.dk\/erhverv\/wp-json\/wp\/v2\/pages"}],"about":[{"href":"https:\/\/naervarme.dk\/erhverv\/wp-json\/wp\/v2\/types\/page"}],"author":[{"embeddable":true,"href":"https:\/\/naervarme.dk\/erhverv\/wp-json\/wp\/v2\/users\/1"}],"replies":[{"embeddable":true,"href":"https:\/\/naervarme.dk\/erhverv\/wp-json\/wp\/v2\/comments?post=1023"}],"version-history":[{"count":3,"href":"https:\/\/naervarme.dk\/erhverv\/wp-json\/wp\/v2\/pages\/1023\/revisions"}],"predecessor-version":[{"id":8651,"href":"https:\/\/naervarme.dk\/erhverv\/wp-json\/wp\/v2\/pages\/1023\/revisions\/8651"}],"wp:attachment":[{"href":"https:\/\/naervarme.dk\/erhverv\/wp-json\/wp\/v2\/media?parent=1023"}],"curies":[{"name":"wp","href":"https:\/\/api.w.org\/{rel}","templated":true}]}}