{"id":8219,"date":"2021-08-12T10:20:42","date_gmt":"2021-08-12T08:20:42","guid":{"rendered":"https:\/\/naervarme.dk\/erhverv\/?page_id=8219"},"modified":"2023-01-04T18:00:50","modified_gmt":"2023-01-04T16:00:50","slug":"bestil-tilbud-erhvervsloesning","status":"publish","type":"page","link":"https:\/\/naervarme.dk\/erhverv\/bestil-tilbud-erhvervsloesning\/","title":{"rendered":"Bestil tilbud &#8211; erhvervsl\u00f8sning"},"content":{"rendered":"\t\t<div data-elementor-type=\"wp-page\" data-elementor-id=\"8219\" class=\"elementor elementor-8219\" data-elementor-post-type=\"page\">\n\t\t\t\t\t\t<section class=\"has_eae_slider elementor-section elementor-top-section elementor-element elementor-element-59954c89 elementor-section-stretched elementor-section-full_width elementor-section-content-middle elementor-section-height-default elementor-section-height-default\" data-eae-slider=\"8872\" data-id=\"59954c89\" data-element_type=\"section\" data-settings=\"{&quot;stretch_section&quot;:&quot;section-stretched&quot;,&quot;background_background&quot;:&quot;classic&quot;}\">\n\t\t\t\t\t\t<div class=\"elementor-container elementor-column-gap-default\">\n\t\t\t\t\t<div class=\"has_eae_slider elementor-column elementor-col-50 elementor-top-column elementor-element elementor-element-24a006ad\" data-eae-slider=\"35902\" data-id=\"24a006ad\" data-element_type=\"column\" data-settings=\"{&quot;background_background&quot;:&quot;classic&quot;}\">\n\t\t\t<div class=\"elementor-widget-wrap elementor-element-populated\">\n\t\t\t\t\t\t<div class=\"elementor-element elementor-element-30cb3c67 elementor-widget elementor-widget-heading\" data-id=\"30cb3c67\" data-element_type=\"widget\" data-widget_type=\"heading.default\">\n\t\t\t\t<div class=\"elementor-widget-container\">\n\t\t\t\t\t<h1 class=\"elementor-heading-title elementor-size-default\">Start med et tilbud og r\u00e5dgivning<\/h1>\t\t\t\t<\/div>\n\t\t\t\t<\/div>\n\t\t\t\t<div class=\"elementor-element elementor-element-234f9e8a elementor-widget elementor-widget-text-editor\" data-id=\"234f9e8a\" data-element_type=\"widget\" data-widget_type=\"text-editor.default\">\n\t\t\t\t<div class=\"elementor-widget-container\">\n\t\t\t\t\t\t\t\t\t<p>Det koster ikke noget at f\u00e5 et uforpligtende tilbud. Heller ikke, n\u00e5r vi sender en teknisk r\u00e5dgiver ud.<\/p><p>Der er mange fordele for boligforeninger og erhvervsvirksomheder ved at v\u00e6lge vores varmepumpel\u00f8sning med Fuld Serviceaftale.<\/p><ul><li>I slipper for arbejdet og kan bare ringe, s\u00e5 klarer vi eventuelle sp\u00f8rgsm\u00e5l og ufordringer (ogs\u00e5 eventuelle lejere).<\/li><li>I neds\u00e6tter jeres CO2-udledning p\u00e5 opvarmning markant, hvilket kan profileres.<\/li><li>100% driftssikker l\u00f8sning<\/li><\/ul><p>\u00a0<\/p><p>Kort sagt, s\u00e5 kan du koncentrere dig om drift af virksomheden eller boligforeningen, s\u00e5 klarer vi alt med varmel\u00f8sningen.<\/p>\t\t\t\t\t\t\t\t<\/div>\n\t\t\t\t<\/div>\n\t\t\t\t\t<\/div>\n\t\t<\/div>\n\t\t\t\t<div class=\"has_eae_slider elementor-column elementor-col-50 elementor-top-column elementor-element elementor-element-6f31e7b1\" data-eae-slider=\"3509\" data-id=\"6f31e7b1\" data-element_type=\"column\" data-settings=\"{&quot;background_background&quot;:&quot;classic&quot;}\">\n\t\t\t<div class=\"elementor-widget-wrap elementor-element-populated\">\n\t\t\t\t\t\t<div class=\"elementor-element elementor-element-19174d86 elementor-widget elementor-widget-wp-widget-frm_show_form\" data-id=\"19174d86\" data-element_type=\"widget\" data-widget_type=\"wp-widget-frm_show_form.default\">\n\t\t\t\t<div class=\"elementor-widget-container\">\n\t\t\t\t\t<div class=\"frm_form_widget\"><div class=\"frm_forms  with_frm_style frm_style_formidable-style\" id=\"frm_form_7_container\" >\n<form enctype=\"multipart\/form-data\" method=\"post\" class=\"frm-show-form  frm_pro_form \" id=\"form_dk927d8e2eaccea2577e7d08fc573e6e\" >\n<div class=\"frm_form_fields \">\n<fieldset>\n<legend class=\"frm_screen_reader\">Bestil et uforpligtende og gratis tilbud (ERHVERV)<\/legend>\r\n\r\n<div class=\"frm_fields_container\">\n<input type=\"hidden\" name=\"frm_action\" value=\"create\" \/>\n<input type=\"hidden\" name=\"form_id\" value=\"7\" \/>\n<input type=\"hidden\" name=\"frm_hide_fields_7\" id=\"frm_hide_fields_7\" value=\"\" \/>\n<input type=\"hidden\" name=\"form_key\" value=\"dk927d8e2eaccea2577e7d08fc573e6e\" \/>\n<input type=\"hidden\" name=\"item_meta[0]\" value=\"\" \/>\n<input type=\"hidden\" id=\"frm_submit_entry_7\" name=\"frm_submit_entry_7\" value=\"a85692e597\" \/><input type=\"hidden\" name=\"_wp_http_referer\" value=\"\/erhverv\/wp-json\/wp\/v2\/pages\/8219\" \/><div id=\"frm_field_57_container\" class=\"frm_form_field form-field  frm_required_field form-group frm_top_container\">\r\n    <label for=\"field_sjby1\" id=\"field_sjby1_label\" class=\"frm_primary_label col-form-label form-label\">VIRKSOMHED\r\n        <span class=\"frm_required\">*<\/span>\r\n    <\/label>\r\n    <input  type=\"text\" id=\"field_sjby1\" name=\"item_meta[57]\" value=\"\"  data-reqmsg=\"VIRKSOMHED cannot be blank.\" aria-required=\"true\" data-invmsg=\"Text is invalid\" class=\"form-control\" aria-invalid=\"false\"   \/>\r\n    \r\n    \r\n<\/div>\n<div id=\"frm_field_50_container\" class=\"frm_form_field form-field  frm_required_field form-group frm_top_container frm_third frm_first\">\r\n    <label for=\"field_qh4icy5f942130d696ab1ae0cba0a0313e55\" id=\"field_qh4icy5f942130d696ab1ae0cba0a0313e55_label\" class=\"frm_primary_label col-form-label form-label\">KONTAKT\r\n        <span class=\"frm_required\">*<\/span>\r\n    <\/label>\r\n    <input  type=\"text\" id=\"field_qh4icy5f942130d696ab1ae0cba0a0313e55\" name=\"item_meta[50]\" value=\"\"  data-reqmsg=\"Dette felt m\u00e5 ikke v\u00e6re blankt.\" aria-required=\"true\" data-invmsg=\"Name is invalid\" class=\"form-control\" aria-invalid=\"false\"   \/>\r\n    \r\n    \r\n<\/div>\n<div id=\"frm_field_51_container\" class=\"frm_form_field form-field  frm_required_field form-group frm_top_container frm_two_thirds\">\r\n    <label for=\"field_vgyphb6f0fc883491266d911\" id=\"field_vgyphb6f0fc883491266d911_label\" class=\"frm_primary_label col-form-label form-label\">ADRESSE\r\n        <span class=\"frm_required\">*<\/span>\r\n    <\/label>\r\n    <input  type=\"text\" id=\"field_vgyphb6f0fc883491266d911\" name=\"item_meta[51]\" value=\"\"  data-reqmsg=\"Dette felt m\u00e5 ikke v\u00e6re blankt.\" aria-required=\"true\" data-invmsg=\"ADRESSE er ugyldig\" class=\"form-control\" aria-invalid=\"false\"   \/>\r\n    \r\n    \r\n<\/div>\n<div id=\"frm_field_52_container\" class=\"frm_form_field form-field  frm_required_field form-group frm_top_container frm_third frm_first\">\r\n    <label for=\"field_p7osq73f26e96b7661ca6650d4004a7523b\" id=\"field_p7osq73f26e96b7661ca6650d4004a7523b_label\" class=\"frm_primary_label col-form-label form-label\">POSTNR. OG BY\r\n        <span class=\"frm_required\">*<\/span>\r\n    <\/label>\r\n    <input  type=\"text\" id=\"field_p7osq73f26e96b7661ca6650d4004a7523b\" name=\"item_meta[52]\" value=\"\"  data-reqmsg=\"Dette felt m\u00e5 ikke v\u00e6re blankt.\" aria-required=\"true\" data-invmsg=\"POSTNR. OG BY er ugyldig\" class=\"form-control\" aria-invalid=\"false\"   \/>\r\n    \r\n    \r\n<\/div>\n<div id=\"frm_field_53_container\" class=\"frm_form_field form-field  frm_required_field form-group frm_top_container frm_third\">\r\n    <label for=\"field_hmi2v0a1ce43f8f0b924874aca15867c9ce\" id=\"field_hmi2v0a1ce43f8f0b924874aca15867c9ce_label\" class=\"frm_primary_label col-form-label form-label\">TLF\r\n        <span class=\"frm_required\">*<\/span>\r\n    <\/label>\r\n    <input type=\"tel\" id=\"field_hmi2v0a1ce43f8f0b924874aca15867c9ce\" name=\"item_meta[53]\" value=\"\"  data-frmmask=\"00000000\" data-reqmsg=\"Dette felt m\u00e5 ikke v\u00e6re blankt.\" aria-required=\"true\" data-invmsg=\"TLF is invalid\" class=\"form-control\" aria-invalid=\"false\" pattern=\"\\d\\d\\d\\d\\d\\d\\d\\d$\"  \/>\r\n    \r\n    \r\n<\/div>\n<div id=\"frm_field_54_container\" class=\"frm_form_field form-field  frm_required_field form-group frm_top_container frm_third\">\r\n    <label for=\"field_29yf4df8b6bafa4cd8f4b1\" id=\"field_29yf4df8b6bafa4cd8f4b1_label\" class=\"frm_primary_label col-form-label form-label\">E-MAIL\r\n        <span class=\"frm_required\">*<\/span>\r\n    <\/label>\r\n    <input type=\"email\" id=\"field_29yf4df8b6bafa4cd8f4b1\" name=\"item_meta[54]\" value=\"\"  data-reqmsg=\"Dette felt m\u00e5 ikke v\u00e6re blankt.\" aria-required=\"true\" data-invmsg=\"Indtast en korrekt email-adresse.\" class=\"form-control\" aria-invalid=\"false\"  \/>\r\n    \r\n    \r\n<\/div>\n<div id=\"frm_field_55_container\" class=\"frm_form_field form-field  form-group frm_top_container frm_full frm_first\">\r\n    <label for=\"field_9jv0r1c516255fdf741c136e8c64de8c98c7\" id=\"field_9jv0r1c516255fdf741c136e8c64de8c98c7_label\" class=\"frm_primary_label col-form-label form-label\">SKRIV BESKED\r\n        <span class=\"frm_required\"><\/span>\r\n    <\/label>\r\n    <textarea name=\"item_meta[55]\" id=\"field_9jv0r1c516255fdf741c136e8c64de8c98c7\" rows=\"2\"  placeholder=\"Skriv en besked (valgfrit). Fx om dit nuv\u00e6rende varmeforbrug eller hvorn\u00e5r vi helst skal ringe.\" data-invmsg=\"SKRIV BESKED er ugyldig\" class=\"form-control\" aria-invalid=\"false\"  ><\/textarea>\r\n    \r\n    \r\n<\/div>\n<div id=\"frm_field_56_container\" class=\"frm_form_field form-field  frm_required_field form-group frm_top_container frm12 vertical_radio\">\r\n    <div  id=\"field_59d5adfdd4d127c_label\" class=\"frm_primary_label col-form-label form-label\"><b>JEG GIVER SAMTYKKE (s\u00e5 vi m\u00e5 kontakte dig)<\/b>\r\n        <span class=\"frm_required\">*<\/span>\r\n    <\/div>\r\n    <div class=\"frm_opt_container\" aria-labelledby=\"field_59d5adfdd4d127c_label\" role=\"group\">\t\t<div class=\"frm_checkbox checkbox\" id=\"frm_checkbox_56-2\">\t\t\t<label  for=\"field_59d5adfdd4d127c-2\">\n\t\t\t<input type=\"checkbox\" name=\"item_meta[56][]\" id=\"field_59d5adfdd4d127c-2\" value=\"Jeg giver samtykke til, at SEF-koncernens selskaber* m\u00e5 sende mig markedsf\u00f8ring inden for selskabernes produktkategorier**. Samtykket g\u00e6lder markedsf\u00f8ring via e-mail, telefon og brev. Jeg kan altid afmelde mig. L\u00e6s hvordan vi behandler dine persondata og om dine rettigheder i vores privatlivspolitik. *SEF A\/S, SEF Energi A\/S, SEF Fiber, N\u00e6rvarme Danmark A\/S og FiberLAN A\/S. **energi, opladning og opvarmning.\"  data-reqmsg=\"Dette felt m\u00e5 ikke v\u00e6re blankt.\" data-invmsg=\"&lt;b&gt;JEG GIVER SAMTYKKE (s\u00e5 vi m\u00e5 kontakte dig)&lt;\/b&gt; er ugyldig\"   aria-required=\"true\"  \/> Jeg giver samtykke til, at SEF-koncernens selskaber* m\u00e5 sende mig markedsf\u00f8ring inden for selskabernes produktkategorier**. Samtykket g\u00e6lder markedsf\u00f8ring via e-mail, telefon og brev. Jeg kan altid afmelde mig. L\u00e6s hvordan vi behandler dine persondata og om dine rettigheder i vores privatlivspolitik. *SEF A\/S, SEF Energi A\/S, SEF Fiber, N\u00e6rvarme Danmark A\/S og FiberLAN A\/S. **energi, opladning og opvarmning.<\/label><\/div>\n<\/div>\r\n    <div class=\"frm_description form-text\" id=\"frm_desc_field_59d5adfdd4d127c\"><a href=\"https:\/\/naervarme.dk\/cookies-og-privatlivspolitik\/\" target=\"_blank\">Privatlivspolitik<\/a>.<\/div>\r\n    \r\n<\/div>\n<div id=\"frm_field_1334_container\" class=\"frm_form_field form-field  form-group\">\r\n\t<div class=\"form-group frm_submit\"><center>\r\n\r\n<button class=\"frm_button_submit btn btn-secondary frm_final_submit\" type=\"submit\"   formnovalidate=\"formnovalidate\">Send<\/button><\/center>\r\n\r\n<\/div>\r\n<\/div>\n\t<input type=\"hidden\" name=\"item_key\" value=\"\" \/>\n\t\t\t<div id=\"frm_field_1360_container\">\n\t\t\t<label for=\"field_e4hdr\" >\n\t\t\t\tHvis du er et menneske, skal du lade dette felt v\u00e6re tomt.\t\t\t<\/label>\n\t\t\t<input  id=\"field_e4hdr\" type=\"text\" class=\"frm_form_field form-field frm_verify\" name=\"item_meta[1360]\" value=\"\"  \/>\n\t\t<\/div>\n\t\t<input name=\"frm_state\" type=\"hidden\" value=\"51I3Ucp8sCoQsuNWJxYZzhH5Vh80uTD9EyDiOJ\/dCAaxN9en8W0catxm\/hU9CVj0\" \/><\/div>\n<\/fieldset>\n<\/div>\n\n<p style=\"display: none !important;\" class=\"akismet-fields-container\" data-prefix=\"ak_\"><label>&#916;<textarea name=\"ak_hp_textarea\" cols=\"45\" rows=\"8\" maxlength=\"100\"><\/textarea><\/label><input type=\"hidden\" id=\"ak_js_1\" name=\"ak_js\" value=\"155\"\/><script>document.getElementById( \"ak_js_1\" ).setAttribute( \"value\", ( new Date() ).getTime() );<\/script><\/p><\/form>\n<\/div>\n<\/div>\t\t\t\t<\/div>\n\t\t\t\t<\/div>\n\t\t\t\t\t<\/div>\n\t\t<\/div>\n\t\t\t\t\t<\/div>\n\t\t<\/section>\n\t\t\t\t<section class=\"has_eae_slider elementor-section elementor-top-section elementor-element elementor-element-3bf875a elementor-section-boxed elementor-section-height-default elementor-section-height-default\" data-eae-slider=\"50925\" data-id=\"3bf875a\" data-element_type=\"section\" data-settings=\"{&quot;background_background&quot;:&quot;classic&quot;}\">\n\t\t\t\t\t\t<div class=\"elementor-container elementor-column-gap-default\">\n\t\t\t\t\t<div class=\"has_eae_slider elementor-column elementor-col-100 elementor-top-column elementor-element elementor-element-77c24d8\" data-eae-slider=\"30333\" data-id=\"77c24d8\" data-element_type=\"column\" data-settings=\"{&quot;background_background&quot;:&quot;classic&quot;}\">\n\t\t\t<div class=\"elementor-widget-wrap elementor-element-populated\">\n\t\t\t\t\t\t<div class=\"elementor-element elementor-element-7b71257 elementor-widget elementor-widget-image\" data-id=\"7b71257\" data-element_type=\"widget\" data-widget_type=\"image.default\">\n\t\t\t\t<div class=\"elementor-widget-container\">\n\t\t\t\t\t\t\t\t\t\t\t\t\t\t\t<img fetchpriority=\"high\" decoding=\"async\" width=\"346\" height=\"835\" src=\"https:\/\/naervarme.dk\/erhverv\/wp-content\/uploads\/sites\/5\/Kvinde-kundeservice.png\" class=\"attachment-large size-large wp-image-8622\" alt=\"Tilbud og pris p\u00e5 varmepumpe til erhverv og boligforeninger.\" srcset=\"https:\/\/naervarme.dk\/erhverv\/wp-content\/uploads\/sites\/5\/Kvinde-kundeservice.png 346w, https:\/\/naervarme.dk\/erhverv\/wp-content\/uploads\/sites\/5\/Kvinde-kundeservice-124x300.png 124w\" sizes=\"(max-width: 346px) 100vw, 346px\" \/>\t\t\t\t\t\t\t\t\t\t\t\t\t\t\t<\/div>\n\t\t\t\t<\/div>\n\t\t\t\t\t<\/div>\n\t\t<\/div>\n\t\t\t\t\t<\/div>\n\t\t<\/section>\n\t\t\t\t<\/div>\n\t\t","protected":false},"excerpt":{"rendered":"<p>Start med et tilbud og r\u00e5dgivning Det koster ikke noget at f\u00e5 et uforpligtende tilbud. Heller ikke, n\u00e5r vi sender en teknisk r\u00e5dgiver ud. Der er mange fordele for boligforeninger og erhvervsvirksomheder ved at v\u00e6lge vores varmepumpel\u00f8sning med Fuld Serviceaftale. I slipper for arbejdet og kan bare ringe, s\u00e5 klarer vi eventuelle sp\u00f8rgsm\u00e5l og ufordringer [&hellip;]<\/p>\n","protected":false},"author":2,"featured_media":8018,"parent":0,"menu_order":0,"comment_status":"closed","ping_status":"closed","template":"","meta":{"_acf_changed":false,"footnotes":""},"class_list":["post-8219","page","type-page","status-publish","has-post-thumbnail","hentry"],"acf":[],"yoast_head":"<!-- This site is optimized with the Yoast SEO Premium plugin v27.1 (Yoast SEO v27.1.1) - https:\/\/yoast.com\/product\/yoast-seo-premium-wordpress\/ -->\n<title>Erhverv - Varmepumper p\u00e5 abonnement - N\u00e6rvarme Danmark<\/title>\n<meta name=\"description\" content=\"Luft til vand varmepumpel\u00f8sninger til erhvervslivet, udlejere og boligforeninger. Start med uforpligtende tilbud og gratis r\u00e5dgivning her.\" \/>\n<meta name=\"robots\" content=\"index, follow, max-snippet:-1, max-image-preview:large, max-video-preview:-1\" \/>\n<link rel=\"canonical\" href=\"https:\/\/naervarme.dk\/erhverv\/bestil-tilbud-erhvervsloesning\/\" \/>\n<meta property=\"og:locale\" content=\"da_DK\" \/>\n<meta property=\"og:type\" content=\"article\" \/>\n<meta property=\"og:title\" content=\"Bestil tilbud - erhvervsl\u00f8sning\" \/>\n<meta property=\"og:description\" content=\"Luft til vand varmepumpel\u00f8sninger til erhvervslivet, udlejere og boligforeninger. Start med uforpligtende tilbud og gratis r\u00e5dgivning her.\" \/>\n<meta property=\"og:url\" content=\"https:\/\/naervarme.dk\/erhverv\/bestil-tilbud-erhvervsloesning\/\" \/>\n<meta property=\"og:site_name\" content=\"N\u00e6rvarme Danmark A\/S - Erhverv\" \/>\n<meta property=\"article:publisher\" content=\"https:\/\/www.facebook.com\/NaervarmeDanmark\" \/>\n<meta property=\"article:modified_time\" content=\"2023-01-04T16:00:50+00:00\" \/>\n<meta property=\"og:image\" content=\"https:\/\/naervarme.dk\/erhverv\/wp-content\/uploads\/sites\/5\/650-kunder.png\" \/>\n\t<meta property=\"og:image:width\" content=\"851\" \/>\n\t<meta property=\"og:image:height\" content=\"558\" \/>\n\t<meta property=\"og:image:type\" content=\"image\/png\" \/>\n<meta name=\"twitter:card\" content=\"summary_large_image\" \/>\n<meta name=\"twitter:site\" content=\"@NaervarmeDK\" \/>\n<meta name=\"twitter:label1\" content=\"Estimeret l\u00e6setid\" \/>\n\t<meta name=\"twitter:data1\" content=\"2 minutter\" \/>\n<script type=\"application\/ld+json\" class=\"yoast-schema-graph\">{\"@context\":\"https:\/\/schema.org\",\"@graph\":[{\"@type\":\"WebPage\",\"@id\":\"https:\/\/naervarme.dk\/erhverv\/bestil-tilbud-erhvervsloesning\/\",\"url\":\"https:\/\/naervarme.dk\/erhverv\/bestil-tilbud-erhvervsloesning\/\",\"name\":\"Erhverv - Varmepumper p\u00e5 abonnement - N\u00e6rvarme Danmark\",\"isPartOf\":{\"@id\":\"https:\/\/naervarme.dk\/erhverv\/#website\"},\"primaryImageOfPage\":{\"@id\":\"https:\/\/naervarme.dk\/erhverv\/bestil-tilbud-erhvervsloesning\/#primaryimage\"},\"image\":{\"@id\":\"https:\/\/naervarme.dk\/erhverv\/bestil-tilbud-erhvervsloesning\/#primaryimage\"},\"thumbnailUrl\":\"https:\/\/naervarme.dk\/erhverv\/wp-content\/uploads\/sites\/5\/650-kunder.png\",\"datePublished\":\"2021-08-12T08:20:42+00:00\",\"dateModified\":\"2023-01-04T16:00:50+00:00\",\"description\":\"Luft til vand varmepumpel\u00f8sninger til erhvervslivet, udlejere og boligforeninger. Start med uforpligtende tilbud og gratis r\u00e5dgivning her.\",\"breadcrumb\":{\"@id\":\"https:\/\/naervarme.dk\/erhverv\/bestil-tilbud-erhvervsloesning\/#breadcrumb\"},\"inLanguage\":\"da-DK\",\"potentialAction\":[{\"@type\":\"ReadAction\",\"target\":[\"https:\/\/naervarme.dk\/erhverv\/bestil-tilbud-erhvervsloesning\/\"]}]},{\"@type\":\"ImageObject\",\"inLanguage\":\"da-DK\",\"@id\":\"https:\/\/naervarme.dk\/erhverv\/bestil-tilbud-erhvervsloesning\/#primaryimage\",\"url\":\"https:\/\/naervarme.dk\/erhverv\/wp-content\/uploads\/sites\/5\/650-kunder.png\",\"contentUrl\":\"https:\/\/naervarme.dk\/erhverv\/wp-content\/uploads\/sites\/5\/650-kunder.png\",\"width\":851,\"height\":558,\"caption\":\"N\u00e6rvarme Danmark leverer varmepumpe og n\u00e6rvarme i hele Danmark\"},{\"@type\":\"BreadcrumbList\",\"@id\":\"https:\/\/naervarme.dk\/erhverv\/bestil-tilbud-erhvervsloesning\/#breadcrumb\",\"itemListElement\":[{\"@type\":\"ListItem\",\"position\":1,\"name\":\"Hjem\",\"item\":\"https:\/\/naervarme.dk\/erhverv\/\"},{\"@type\":\"ListItem\",\"position\":2,\"name\":\"Bestil tilbud &#8211; erhvervsl\u00f8sning\"}]},{\"@type\":\"WebSite\",\"@id\":\"https:\/\/naervarme.dk\/erhverv\/#website\",\"url\":\"https:\/\/naervarme.dk\/erhverv\/\",\"name\":\"N\u00e6rvarme Danmark A\/S - Erhverv\",\"description\":\"| N\u00e6rvarme med luft til vand varmepumper p\u00e5 abonnement. Helt enkelt.\",\"publisher\":{\"@id\":\"https:\/\/naervarme.dk\/erhverv\/#organization\"},\"potentialAction\":[{\"@type\":\"SearchAction\",\"target\":{\"@type\":\"EntryPoint\",\"urlTemplate\":\"https:\/\/naervarme.dk\/erhverv\/?s={search_term_string}\"},\"query-input\":{\"@type\":\"PropertyValueSpecification\",\"valueRequired\":true,\"valueName\":\"search_term_string\"}}],\"inLanguage\":\"da-DK\"},{\"@type\":\"Organization\",\"@id\":\"https:\/\/naervarme.dk\/erhverv\/#organization\",\"name\":\"N\u00e6rvarme Danmark A\/S\",\"url\":\"https:\/\/naervarme.dk\/erhverv\/\",\"logo\":{\"@type\":\"ImageObject\",\"inLanguage\":\"da-DK\",\"@id\":\"https:\/\/naervarme.dk\/erhverv\/#\/schema\/logo\/image\/\",\"url\":\"https:\/\/naervarme.dk\/erhverv\/wp-content\/uploads\/sites\/5\/2020\/03\/gr\u00f8n-logo.png\",\"contentUrl\":\"https:\/\/naervarme.dk\/erhverv\/wp-content\/uploads\/sites\/5\/2020\/03\/gr\u00f8n-logo.png\",\"width\":2436,\"height\":524,\"caption\":\"N\u00e6rvarme Danmark A\/S\"},\"image\":{\"@id\":\"https:\/\/naervarme.dk\/erhverv\/#\/schema\/logo\/image\/\"},\"sameAs\":[\"https:\/\/www.facebook.com\/NaervarmeDanmark\",\"https:\/\/x.com\/NaervarmeDK\",\"https:\/\/www.linkedin.com\/company\/nrvarme-danmark\/\",\"https:\/\/www.instagram.com\/naervarmedanmark\/\",\"https:\/\/www.youtube.com\/channel\/UCD5SIHeT43b5-nZn8FkWubg\"]}]}<\/script>\n<!-- \/ Yoast SEO Premium plugin. -->","yoast_head_json":{"title":"Erhverv - Varmepumper p\u00e5 abonnement - N\u00e6rvarme Danmark","description":"Luft til vand varmepumpel\u00f8sninger til erhvervslivet, udlejere og boligforeninger. Start med uforpligtende tilbud og gratis r\u00e5dgivning her.","robots":{"index":"index","follow":"follow","max-snippet":"max-snippet:-1","max-image-preview":"max-image-preview:large","max-video-preview":"max-video-preview:-1"},"canonical":"https:\/\/naervarme.dk\/erhverv\/bestil-tilbud-erhvervsloesning\/","og_locale":"da_DK","og_type":"article","og_title":"Bestil tilbud - erhvervsl\u00f8sning","og_description":"Luft til vand varmepumpel\u00f8sninger til erhvervslivet, udlejere og boligforeninger. Start med uforpligtende tilbud og gratis r\u00e5dgivning her.","og_url":"https:\/\/naervarme.dk\/erhverv\/bestil-tilbud-erhvervsloesning\/","og_site_name":"N\u00e6rvarme Danmark A\/S - Erhverv","article_publisher":"https:\/\/www.facebook.com\/NaervarmeDanmark","article_modified_time":"2023-01-04T16:00:50+00:00","og_image":[{"width":851,"height":558,"url":"https:\/\/naervarme.dk\/erhverv\/wp-content\/uploads\/sites\/5\/650-kunder.png","type":"image\/png"}],"twitter_card":"summary_large_image","twitter_site":"@NaervarmeDK","twitter_misc":{"Estimeret l\u00e6setid":"2 minutter"},"schema":{"@context":"https:\/\/schema.org","@graph":[{"@type":"WebPage","@id":"https:\/\/naervarme.dk\/erhverv\/bestil-tilbud-erhvervsloesning\/","url":"https:\/\/naervarme.dk\/erhverv\/bestil-tilbud-erhvervsloesning\/","name":"Erhverv - Varmepumper p\u00e5 abonnement - N\u00e6rvarme Danmark","isPartOf":{"@id":"https:\/\/naervarme.dk\/erhverv\/#website"},"primaryImageOfPage":{"@id":"https:\/\/naervarme.dk\/erhverv\/bestil-tilbud-erhvervsloesning\/#primaryimage"},"image":{"@id":"https:\/\/naervarme.dk\/erhverv\/bestil-tilbud-erhvervsloesning\/#primaryimage"},"thumbnailUrl":"https:\/\/naervarme.dk\/erhverv\/wp-content\/uploads\/sites\/5\/650-kunder.png","datePublished":"2021-08-12T08:20:42+00:00","dateModified":"2023-01-04T16:00:50+00:00","description":"Luft til vand varmepumpel\u00f8sninger til erhvervslivet, udlejere og boligforeninger. Start med uforpligtende tilbud og gratis r\u00e5dgivning her.","breadcrumb":{"@id":"https:\/\/naervarme.dk\/erhverv\/bestil-tilbud-erhvervsloesning\/#breadcrumb"},"inLanguage":"da-DK","potentialAction":[{"@type":"ReadAction","target":["https:\/\/naervarme.dk\/erhverv\/bestil-tilbud-erhvervsloesning\/"]}]},{"@type":"ImageObject","inLanguage":"da-DK","@id":"https:\/\/naervarme.dk\/erhverv\/bestil-tilbud-erhvervsloesning\/#primaryimage","url":"https:\/\/naervarme.dk\/erhverv\/wp-content\/uploads\/sites\/5\/650-kunder.png","contentUrl":"https:\/\/naervarme.dk\/erhverv\/wp-content\/uploads\/sites\/5\/650-kunder.png","width":851,"height":558,"caption":"N\u00e6rvarme Danmark leverer varmepumpe og n\u00e6rvarme i hele Danmark"},{"@type":"BreadcrumbList","@id":"https:\/\/naervarme.dk\/erhverv\/bestil-tilbud-erhvervsloesning\/#breadcrumb","itemListElement":[{"@type":"ListItem","position":1,"name":"Hjem","item":"https:\/\/naervarme.dk\/erhverv\/"},{"@type":"ListItem","position":2,"name":"Bestil tilbud &#8211; erhvervsl\u00f8sning"}]},{"@type":"WebSite","@id":"https:\/\/naervarme.dk\/erhverv\/#website","url":"https:\/\/naervarme.dk\/erhverv\/","name":"N\u00e6rvarme Danmark A\/S - Erhverv","description":"| N\u00e6rvarme med luft til vand varmepumper p\u00e5 abonnement. Helt enkelt.","publisher":{"@id":"https:\/\/naervarme.dk\/erhverv\/#organization"},"potentialAction":[{"@type":"SearchAction","target":{"@type":"EntryPoint","urlTemplate":"https:\/\/naervarme.dk\/erhverv\/?s={search_term_string}"},"query-input":{"@type":"PropertyValueSpecification","valueRequired":true,"valueName":"search_term_string"}}],"inLanguage":"da-DK"},{"@type":"Organization","@id":"https:\/\/naervarme.dk\/erhverv\/#organization","name":"N\u00e6rvarme Danmark A\/S","url":"https:\/\/naervarme.dk\/erhverv\/","logo":{"@type":"ImageObject","inLanguage":"da-DK","@id":"https:\/\/naervarme.dk\/erhverv\/#\/schema\/logo\/image\/","url":"https:\/\/naervarme.dk\/erhverv\/wp-content\/uploads\/sites\/5\/2020\/03\/gr\u00f8n-logo.png","contentUrl":"https:\/\/naervarme.dk\/erhverv\/wp-content\/uploads\/sites\/5\/2020\/03\/gr\u00f8n-logo.png","width":2436,"height":524,"caption":"N\u00e6rvarme Danmark A\/S"},"image":{"@id":"https:\/\/naervarme.dk\/erhverv\/#\/schema\/logo\/image\/"},"sameAs":["https:\/\/www.facebook.com\/NaervarmeDanmark","https:\/\/x.com\/NaervarmeDK","https:\/\/www.linkedin.com\/company\/nrvarme-danmark\/","https:\/\/www.instagram.com\/naervarmedanmark\/","https:\/\/www.youtube.com\/channel\/UCD5SIHeT43b5-nZn8FkWubg"]}]}},"_links":{"self":[{"href":"https:\/\/naervarme.dk\/erhverv\/wp-json\/wp\/v2\/pages\/8219","targetHints":{"allow":["GET"]}}],"collection":[{"href":"https:\/\/naervarme.dk\/erhverv\/wp-json\/wp\/v2\/pages"}],"about":[{"href":"https:\/\/naervarme.dk\/erhverv\/wp-json\/wp\/v2\/types\/page"}],"author":[{"embeddable":true,"href":"https:\/\/naervarme.dk\/erhverv\/wp-json\/wp\/v2\/users\/2"}],"replies":[{"embeddable":true,"href":"https:\/\/naervarme.dk\/erhverv\/wp-json\/wp\/v2\/comments?post=8219"}],"version-history":[{"count":15,"href":"https:\/\/naervarme.dk\/erhverv\/wp-json\/wp\/v2\/pages\/8219\/revisions"}],"predecessor-version":[{"id":8679,"href":"https:\/\/naervarme.dk\/erhverv\/wp-json\/wp\/v2\/pages\/8219\/revisions\/8679"}],"wp:featuredmedia":[{"embeddable":true,"href":"https:\/\/naervarme.dk\/erhverv\/wp-json\/wp\/v2\/media\/8018"}],"wp:attachment":[{"href":"https:\/\/naervarme.dk\/erhverv\/wp-json\/wp\/v2\/media?parent=8219"}],"curies":[{"name":"wp","href":"https:\/\/api.w.org\/{rel}","templated":true}]}}