{"id":8198,"date":"2021-08-12T14:10:57","date_gmt":"2021-08-12T12:10:57","guid":{"rendered":"https:\/\/naervarme.dk\/kommune\/?page_id=8198"},"modified":"2022-01-06T10:06:32","modified_gmt":"2022-01-06T08:06:32","slug":"bestil-tilbud-offentlige","status":"publish","type":"page","link":"https:\/\/naervarme.dk\/kommune\/bestil-tilbud-offentlige\/","title":{"rendered":"Bestil tilbud offentlige"},"content":{"rendered":"\t\t<div data-elementor-type=\"wp-page\" data-elementor-id=\"8198\" class=\"elementor elementor-8198\" data-elementor-post-type=\"page\">\n\t\t\t\t\t\t<section class=\"has_eae_slider elementor-section elementor-top-section elementor-element elementor-element-539348bc elementor-section-stretched elementor-section-full_width elementor-section-content-middle elementor-section-height-default elementor-section-height-default\" data-eae-slider=\"75913\" data-id=\"539348bc\" data-element_type=\"section\" data-settings=\"{&quot;stretch_section&quot;:&quot;section-stretched&quot;,&quot;background_background&quot;:&quot;classic&quot;}\">\n\t\t\t\t\t\t<div class=\"elementor-container elementor-column-gap-default\">\n\t\t\t\t\t<div class=\"has_eae_slider elementor-column elementor-col-50 elementor-top-column elementor-element elementor-element-345b2a48\" data-eae-slider=\"91553\" data-id=\"345b2a48\" data-element_type=\"column\" data-settings=\"{&quot;background_background&quot;:&quot;classic&quot;}\">\n\t\t\t<div class=\"elementor-widget-wrap elementor-element-populated\">\n\t\t\t\t\t\t<div class=\"elementor-element elementor-element-3a9565f6 elementor-widget elementor-widget-heading\" data-id=\"3a9565f6\" data-element_type=\"widget\" data-widget_type=\"heading.default\">\n\t\t\t\t<div class=\"elementor-widget-container\">\n\t\t\t\t\t<h2 class=\"elementor-heading-title elementor-size-default\">Bestil et tilbud p\u00e5 en varmepumpe-l\u00f8sning p\u00e5 abonnement<\/h2>\t\t\t\t<\/div>\n\t\t\t\t<\/div>\n\t\t\t\t<div class=\"elementor-element elementor-element-3e9831c5 elementor-widget elementor-widget-text-editor\" data-id=\"3e9831c5\" data-element_type=\"widget\" data-widget_type=\"text-editor.default\">\n\t\t\t\t<div class=\"elementor-widget-container\">\n\t\t\t\t\t\t\t\t\t<p>Det koster ikke noget at f\u00e5 et tilbud. Det g\u00f8r en uforpligtende samtale med en teknisk r\u00e5dgiver heller ikke. Find ud af om n\u00e6rvarme p\u00e5 abonnement skal hj\u00e6lpe jer med opvarmning af kommunens boliger, kontorer og institutioner. Helt uforpligtende.<\/p><ul><li>Kommunen slipper for store investeringer.<\/li><li>Og slipper for alt arbejdet med at holde boligerne varme.<\/li><li>Kommunens CO2-udledning falder markant.<\/li><li>Det er en nem og 100% driftssikker l\u00f8sning med 24\/7 overv\u00e5gning for at sikre effektiv drift.<\/li><\/ul><p>L\u00f8sningen er samlet set ikke kun gr\u00f8nnere &#8211; den er ofte ogs\u00e5 billigere, fordi varmepumper er meget energieffektive. S\u00e5 kan kommunen m\u00e5ske f\u00e5 frigivet ressourcer til andre vigtige opgaver.<\/p><p>Men lad os starte med en samtale. Bestil via formularen her, s\u00e5 vender vi hurtigt tilbage.<\/p>\t\t\t\t\t\t\t\t<\/div>\n\t\t\t\t<\/div>\n\t\t\t\t\t<\/div>\n\t\t<\/div>\n\t\t\t\t<div class=\"has_eae_slider elementor-column elementor-col-50 elementor-top-column elementor-element elementor-element-4e7440d7\" data-eae-slider=\"87546\" data-id=\"4e7440d7\" data-element_type=\"column\" data-settings=\"{&quot;background_background&quot;:&quot;classic&quot;}\">\n\t\t\t<div class=\"elementor-widget-wrap elementor-element-populated\">\n\t\t\t\t\t\t<div class=\"elementor-element elementor-element-362f9f61 elementor-widget elementor-widget-wp-widget-frm_show_form\" data-id=\"362f9f61\" data-element_type=\"widget\" data-widget_type=\"wp-widget-frm_show_form.default\">\n\t\t\t\t<div class=\"elementor-widget-container\">\n\t\t\t\t\t<div class=\"frm_form_widget\"><div class=\"frm_forms  with_frm_style frm_style_formidable-style\" id=\"frm_form_8_container\" >\n<form enctype=\"multipart\/form-data\" method=\"post\" class=\"frm-show-form  frm_pro_form \" id=\"form_dk927d8e2eaccea2577e7d08fc573e6e94de476002\" >\n<div class=\"frm_form_fields \">\n<fieldset>\n<legend class=\"frm_screen_reader\">Bestil et uforpligtende og gratis tilbud (Kommune)<\/legend>\r\n\r\n<div class=\"frm_fields_container\">\n<input type=\"hidden\" name=\"frm_action\" value=\"create\" \/>\n<input type=\"hidden\" name=\"form_id\" value=\"8\" \/>\n<input type=\"hidden\" name=\"frm_hide_fields_8\" id=\"frm_hide_fields_8\" value=\"\" \/>\n<input type=\"hidden\" name=\"form_key\" value=\"dk927d8e2eaccea2577e7d08fc573e6e94de476002\" \/>\n<input type=\"hidden\" name=\"item_meta[0]\" value=\"\" \/>\n<input type=\"hidden\" id=\"frm_submit_entry_8\" name=\"frm_submit_entry_8\" value=\"c257dc141e\" \/><input type=\"hidden\" name=\"_wp_http_referer\" value=\"\/kommune\/wp-json\/wp\/v2\/pages\/8198\" \/><div id=\"frm_field_58_container\" class=\"frm_form_field form-field  frm_required_field form-group frm_top_container\">\r\n    <label for=\"field_sjby1de851a937e\" id=\"field_sjby1de851a937e_label\" class=\"frm_primary_label col-form-label form-label\">KOMMUNE \/ ORGANISATION\r\n        <span class=\"frm_required\">*<\/span>\r\n    <\/label>\r\n    <input  type=\"text\" id=\"field_sjby1de851a937e\" name=\"item_meta[58]\" value=\"\"  data-reqmsg=\"KOMMUNE \/ ORGANISATION cannot be blank.\" aria-required=\"true\" data-invmsg=\"Text is invalid\" class=\"form-control\" aria-invalid=\"false\"   \/>\r\n    \r\n    \r\n<\/div>\n<div id=\"frm_field_59_container\" class=\"frm_form_field form-field  frm_required_field form-group frm_top_container frm_third frm_first\">\r\n    <label for=\"field_qh4icy5f942130d696ab1ae0cba0a0313e55ad7ad479a1\" id=\"field_qh4icy5f942130d696ab1ae0cba0a0313e55ad7ad479a1_label\" class=\"frm_primary_label col-form-label form-label\">KONTAKT\r\n        <span class=\"frm_required\">*<\/span>\r\n    <\/label>\r\n    <input  type=\"text\" id=\"field_qh4icy5f942130d696ab1ae0cba0a0313e55ad7ad479a1\" name=\"item_meta[59]\" value=\"\"  data-reqmsg=\"Dette felt m\u00e5 ikke v\u00e6re blankt.\" aria-required=\"true\" data-invmsg=\"Name is invalid\" class=\"form-control\" aria-invalid=\"false\"   \/>\r\n    \r\n    \r\n<\/div>\n<div id=\"frm_field_60_container\" class=\"frm_form_field form-field  frm_required_field form-group frm_top_container frm_two_thirds\">\r\n    <label for=\"field_vgyphb6f0fc883491266d9116598ef79a3\" id=\"field_vgyphb6f0fc883491266d9116598ef79a3_label\" class=\"frm_primary_label col-form-label form-label\">ADRESSE\r\n        <span class=\"frm_required\">*<\/span>\r\n    <\/label>\r\n    <input  type=\"text\" id=\"field_vgyphb6f0fc883491266d9116598ef79a3\" name=\"item_meta[60]\" value=\"\"  data-reqmsg=\"Dette felt m\u00e5 ikke v\u00e6re blankt.\" aria-required=\"true\" data-invmsg=\"Text is invalid\" class=\"form-control\" aria-invalid=\"false\"   \/>\r\n    \r\n    \r\n<\/div>\n<div id=\"frm_field_61_container\" class=\"frm_form_field form-field  frm_required_field form-group frm_top_container frm_third frm_first\">\r\n    <label for=\"field_p7osq73f26e96b7661ca6650d4004a7523bd4414bedba\" id=\"field_p7osq73f26e96b7661ca6650d4004a7523bd4414bedba_label\" class=\"frm_primary_label col-form-label form-label\">POSTNR. OG BY\r\n        <span class=\"frm_required\">*<\/span>\r\n    <\/label>\r\n    <input  type=\"text\" id=\"field_p7osq73f26e96b7661ca6650d4004a7523bd4414bedba\" name=\"item_meta[61]\" value=\"\"  data-reqmsg=\"Dette felt m\u00e5 ikke v\u00e6re blankt.\" aria-required=\"true\" data-invmsg=\"Text is invalid\" class=\"form-control\" aria-invalid=\"false\"   \/>\r\n    \r\n    \r\n<\/div>\n<div id=\"frm_field_62_container\" class=\"frm_form_field form-field  frm_required_field form-group frm_top_container frm_third\">\r\n    <label for=\"field_hmi2v0a1ce43f8f0b924874aca15867c9ce38d4036e22\" id=\"field_hmi2v0a1ce43f8f0b924874aca15867c9ce38d4036e22_label\" class=\"frm_primary_label col-form-label form-label\">TLF\r\n        <span class=\"frm_required\">*<\/span>\r\n    <\/label>\r\n    <input type=\"tel\" id=\"field_hmi2v0a1ce43f8f0b924874aca15867c9ce38d4036e22\" name=\"item_meta[62]\" value=\"\"  data-frmmask=\"00000000\" data-reqmsg=\"Dette felt m\u00e5 ikke v\u00e6re blankt.\" aria-required=\"true\" data-invmsg=\"TLF is invalid\" class=\"form-control\" aria-invalid=\"false\" pattern=\"\\d\\d\\d\\d\\d\\d\\d\\d$\"  \/>\r\n    \r\n    \r\n<\/div>\n<div id=\"frm_field_63_container\" class=\"frm_form_field form-field  frm_required_field form-group frm_top_container frm_third\">\r\n    <label for=\"field_29yf4df8b6bafa4cd8f4b1b1a9968e22\" id=\"field_29yf4df8b6bafa4cd8f4b1b1a9968e22_label\" class=\"frm_primary_label col-form-label form-label\">E-MAIL\r\n        <span class=\"frm_required\">*<\/span>\r\n    <\/label>\r\n    <input type=\"email\" id=\"field_29yf4df8b6bafa4cd8f4b1b1a9968e22\" name=\"item_meta[63]\" value=\"\"  data-reqmsg=\"Dette felt m\u00e5 ikke v\u00e6re blankt.\" aria-required=\"true\" data-invmsg=\"Indtast en korrekt email-adresse.\" class=\"form-control\" aria-invalid=\"false\"  \/>\r\n    \r\n    \r\n<\/div>\n<div id=\"frm_field_64_container\" class=\"frm_form_field form-field  form-group frm_top_container frm_full frm_first\">\r\n    <label for=\"field_9jv0r1c516255fdf741c136e8c64de8c98c7bdc6b56799\" id=\"field_9jv0r1c516255fdf741c136e8c64de8c98c7bdc6b56799_label\" class=\"frm_primary_label col-form-label form-label\">SKRIV BESKED\r\n        <span class=\"frm_required\"><\/span>\r\n    <\/label>\r\n    <textarea name=\"item_meta[64]\" id=\"field_9jv0r1c516255fdf741c136e8c64de8c98c7bdc6b56799\" rows=\"2\"  placeholder=\"Skriv en besked (valgfrit). Fx om dit nuv\u00e6rende varmeforbrug eller hvorn\u00e5r vi helst skal ringe.\" data-invmsg=\"SKRIV BESKED er ugyldig\" class=\"form-control\" aria-invalid=\"false\"  ><\/textarea>\r\n    \r\n    \r\n<\/div>\n<div id=\"frm_field_65_container\" class=\"frm_form_field form-field  frm_required_field form-group frm_top_container frm12 frm_full vertical_radio\">\r\n    <div  id=\"field_59d5adfdd4d127c09e7193623_label\" class=\"frm_primary_label col-form-label form-label\"><b>JEG GIVER SAMTYKKE (s\u00e5 vi m\u00e5 kontakte dig)<\/b>\r\n        <span class=\"frm_required\">*<\/span>\r\n    <\/div>\r\n    <div class=\"frm_opt_container\" aria-labelledby=\"field_59d5adfdd4d127c09e7193623_label\" role=\"group\">\t\t<div class=\"frm_checkbox checkbox\" id=\"frm_checkbox_65-2\">\t\t\t<label  for=\"field_59d5adfdd4d127c09e7193623-2\">\n\t\t\t<input type=\"checkbox\" name=\"item_meta[65][]\" id=\"field_59d5adfdd4d127c09e7193623-2\" value=\"S\u00e6t kryds\"  data-reqmsg=\"&lt;b&gt;JEG GIVER SAMTYKKE (s\u00e5 vi m\u00e5 kontakte dig)&lt;\/b&gt; cannot be blank.\" data-invmsg=\"&lt;b&gt;JEG GIVER SAMTYKKE (s\u00e5 vi m\u00e5 kontakte dig)&lt;\/b&gt; er ugyldig\"   aria-required=\"true\"  \/> S\u00e6t kryds<\/label><\/div>\n<\/div>\r\n    <div class=\"frm_description form-text\" id=\"frm_desc_field_59d5adfdd4d127c09e7193623\">* Jeg giver samtykke til, at N\u00e6rvarme Danmark A\/S og det koncernforbundne drift- og administrationsselskab SEF A\/S m\u00e5 kontakte mig med henblik p\u00e5, at jeg kan modtage tilbud om n\u00e6rvarme og varmepumpe p\u00e5 abonnement. Jeg m\u00e5 kontaktes pr. e-mail, telefon og brev. Jeg accepterer samtidig, at N\u00e6rvarme Danmark A\/S og SEF A\/S behandler mine personoplysninger til ovenst\u00e5ende form\u00e5l. N\u00e6rvarme Danmark A\/S er dataansvarlig. Du kan l\u00e6se om behandlingen af dine personoplysninger samt dine rettigheder i N\u00e6rvarme Danmarks <a href=\"https:\/\/naervarme.dk\/cookies-og-privatlivspolitik\/\" target=\"_blank\">privatlivspolitik<\/a>. Du kan til enhver tid tr\u00e6kke dit samtykke tilbage.<\/div>\r\n    \r\n<\/div>\n\t<input type=\"hidden\" name=\"item_key\" value=\"\" \/>\n\t\t\t<div id=\"frm_field_1334_container\">\n\t\t\t<label for=\"field_u40ky\" >\n\t\t\t\tHvis du er et menneske, skal du lade dette felt v\u00e6re tomt.\t\t\t<\/label>\n\t\t\t<input  id=\"field_u40ky\" type=\"text\" class=\"frm_form_field form-field frm_verify\" name=\"item_meta[1334]\" value=\"\"  \/>\n\t\t<\/div>\n\t\t<input name=\"frm_state\" type=\"hidden\" value=\"UJt4DmQsSGtVWUG9WfTWH\/BLgzph1mVq36gnEcN22riamMX\/T7ab0puzNBzxNAeN\" \/><center><div class=\"form-group frm_submit\">\r\n\r\n<button class=\"frm_button_submit btn btn-secondary frm_final_submit\" type=\"submit\"   formnovalidate=\"formnovalidate\">BESTIL TILBUD HER<\/button><\/center>\r\n\r\n<\/div><\/div>\n<\/fieldset>\n<\/div>\n\n<p style=\"display: none !important;\" class=\"akismet-fields-container\" data-prefix=\"ak_\"><label>&#916;<textarea name=\"ak_hp_textarea\" cols=\"45\" rows=\"8\" maxlength=\"100\"><\/textarea><\/label><input type=\"hidden\" id=\"ak_js_1\" name=\"ak_js\" value=\"78\"\/><script>document.getElementById( \"ak_js_1\" ).setAttribute( \"value\", ( new Date() ).getTime() );<\/script><\/p><\/form>\n<\/div>\n<\/div>\t\t\t\t<\/div>\n\t\t\t\t<\/div>\n\t\t\t\t\t<\/div>\n\t\t<\/div>\n\t\t\t\t\t<\/div>\n\t\t<\/section>\n\t\t\t\t<\/div>\n\t\t","protected":false},"excerpt":{"rendered":"<p>Bestil et tilbud p\u00e5 en varmepumpe-l\u00f8sning p\u00e5 abonnement Det koster ikke noget at f\u00e5 et tilbud. Det g\u00f8r en uforpligtende samtale med en teknisk r\u00e5dgiver heller ikke. Find ud af om n\u00e6rvarme p\u00e5 abonnement skal hj\u00e6lpe jer med opvarmning af kommunens boliger, kontorer og institutioner. Helt uforpligtende. Kommunen slipper for store investeringer. Og slipper for [&hellip;]<\/p>\n","protected":false},"author":2,"featured_media":0,"parent":0,"menu_order":0,"comment_status":"closed","ping_status":"closed","template":"","meta":{"_acf_changed":false,"footnotes":""},"class_list":["post-8198","page","type-page","status-publish","hentry"],"acf":[],"yoast_head":"<!-- This site is optimized with the Yoast SEO Premium plugin v27.1 (Yoast SEO v27.1.1) - https:\/\/yoast.com\/product\/yoast-seo-premium-wordpress\/ -->\n<title>Bestil tilbud offentlige - N\u00e6rvarme Danmark A\/S - Kommune<\/title>\n<meta name=\"description\" content=\"F\u00e5 et tilbud i det offentlige p\u00e5 klimavenlige varmepumper p\u00e5 abonnement hos N\u00e6rvarme Danmark. Bestil et gratis og uforpligtende tilbud i dag.\" \/>\n<meta name=\"robots\" content=\"index, follow, max-snippet:-1, max-image-preview:large, max-video-preview:-1\" \/>\n<link rel=\"canonical\" href=\"https:\/\/naervarme.dk\/kommune\/bestil-tilbud-offentlige\/\" \/>\n<meta property=\"og:locale\" content=\"da_DK\" \/>\n<meta property=\"og:type\" content=\"article\" \/>\n<meta property=\"og:title\" content=\"Bestil tilbud offentlige - N\u00e6rvarme Danmark A\/S - Kommune\" \/>\n<meta property=\"og:description\" content=\"F\u00e5 et tilbud i det offentlige p\u00e5 klimavenlige varmepumper p\u00e5 abonnement hos N\u00e6rvarme Danmark. Bestil et gratis og uforpligtende tilbud i dag.\" \/>\n<meta property=\"og:url\" content=\"https:\/\/naervarme.dk\/kommune\/bestil-tilbud-offentlige\/\" \/>\n<meta property=\"og:site_name\" content=\"N\u00e6rvarme Danmark A\/S - Kommune\" \/>\n<meta property=\"article:modified_time\" content=\"2022-01-06T08:06:32+00:00\" \/>\n<meta name=\"twitter:card\" content=\"summary_large_image\" \/>\n<meta name=\"twitter:title\" content=\"Bestil tilbud offentlige - N\u00e6rvarme Danmark A\/S - Kommune\" \/>\n<meta name=\"twitter:description\" content=\"F\u00e5 et tilbud i det offentlige p\u00e5 klimavenlige varmepumper p\u00e5 abonnement hos N\u00e6rvarme Danmark. Bestil et gratis og uforpligtende tilbud i dag.\" \/>\n<meta name=\"twitter:label1\" content=\"Estimeret l\u00e6setid\" \/>\n\t<meta name=\"twitter:data1\" content=\"2 minutter\" \/>\n<script type=\"application\/ld+json\" class=\"yoast-schema-graph\">{\"@context\":\"https:\/\/schema.org\",\"@graph\":[{\"@type\":\"WebPage\",\"@id\":\"https:\/\/naervarme.dk\/kommune\/bestil-tilbud-offentlige\/\",\"url\":\"https:\/\/naervarme.dk\/kommune\/bestil-tilbud-offentlige\/\",\"name\":\"Bestil tilbud offentlige - N\u00e6rvarme Danmark A\/S - Kommune\",\"isPartOf\":{\"@id\":\"https:\/\/naervarme.dk\/kommune\/#website\"},\"datePublished\":\"2021-08-12T12:10:57+00:00\",\"dateModified\":\"2022-01-06T08:06:32+00:00\",\"description\":\"F\u00e5 et tilbud i det offentlige p\u00e5 klimavenlige varmepumper p\u00e5 abonnement hos N\u00e6rvarme Danmark. Bestil et gratis og uforpligtende tilbud i dag.\",\"breadcrumb\":{\"@id\":\"https:\/\/naervarme.dk\/kommune\/bestil-tilbud-offentlige\/#breadcrumb\"},\"inLanguage\":\"da-DK\",\"potentialAction\":[{\"@type\":\"ReadAction\",\"target\":[\"https:\/\/naervarme.dk\/kommune\/bestil-tilbud-offentlige\/\"]}]},{\"@type\":\"BreadcrumbList\",\"@id\":\"https:\/\/naervarme.dk\/kommune\/bestil-tilbud-offentlige\/#breadcrumb\",\"itemListElement\":[{\"@type\":\"ListItem\",\"position\":1,\"name\":\"Hjem\",\"item\":\"https:\/\/naervarme.dk\/kommune\/\"},{\"@type\":\"ListItem\",\"position\":2,\"name\":\"Bestil tilbud offentlige\"}]},{\"@type\":\"WebSite\",\"@id\":\"https:\/\/naervarme.dk\/kommune\/#website\",\"url\":\"https:\/\/naervarme.dk\/kommune\/\",\"name\":\"N\u00e6rvarme Danmark A\/S - Kommune\",\"description\":\"| N\u00e6rvarme med luft til vand varmepumper p\u00e5 abonnement. Helt enkelt.\",\"potentialAction\":[{\"@type\":\"SearchAction\",\"target\":{\"@type\":\"EntryPoint\",\"urlTemplate\":\"https:\/\/naervarme.dk\/kommune\/?s={search_term_string}\"},\"query-input\":{\"@type\":\"PropertyValueSpecification\",\"valueRequired\":true,\"valueName\":\"search_term_string\"}}],\"inLanguage\":\"da-DK\"}]}<\/script>\n<!-- \/ Yoast SEO Premium plugin. -->","yoast_head_json":{"title":"Bestil tilbud offentlige - N\u00e6rvarme Danmark A\/S - Kommune","description":"F\u00e5 et tilbud i det offentlige p\u00e5 klimavenlige varmepumper p\u00e5 abonnement hos N\u00e6rvarme Danmark. Bestil et gratis og uforpligtende tilbud i dag.","robots":{"index":"index","follow":"follow","max-snippet":"max-snippet:-1","max-image-preview":"max-image-preview:large","max-video-preview":"max-video-preview:-1"},"canonical":"https:\/\/naervarme.dk\/kommune\/bestil-tilbud-offentlige\/","og_locale":"da_DK","og_type":"article","og_title":"Bestil tilbud offentlige - N\u00e6rvarme Danmark A\/S - Kommune","og_description":"F\u00e5 et tilbud i det offentlige p\u00e5 klimavenlige varmepumper p\u00e5 abonnement hos N\u00e6rvarme Danmark. Bestil et gratis og uforpligtende tilbud i dag.","og_url":"https:\/\/naervarme.dk\/kommune\/bestil-tilbud-offentlige\/","og_site_name":"N\u00e6rvarme Danmark A\/S - Kommune","article_modified_time":"2022-01-06T08:06:32+00:00","twitter_card":"summary_large_image","twitter_title":"Bestil tilbud offentlige - N\u00e6rvarme Danmark A\/S - Kommune","twitter_description":"F\u00e5 et tilbud i det offentlige p\u00e5 klimavenlige varmepumper p\u00e5 abonnement hos N\u00e6rvarme Danmark. Bestil et gratis og uforpligtende tilbud i dag.","twitter_misc":{"Estimeret l\u00e6setid":"2 minutter"},"schema":{"@context":"https:\/\/schema.org","@graph":[{"@type":"WebPage","@id":"https:\/\/naervarme.dk\/kommune\/bestil-tilbud-offentlige\/","url":"https:\/\/naervarme.dk\/kommune\/bestil-tilbud-offentlige\/","name":"Bestil tilbud offentlige - N\u00e6rvarme Danmark A\/S - Kommune","isPartOf":{"@id":"https:\/\/naervarme.dk\/kommune\/#website"},"datePublished":"2021-08-12T12:10:57+00:00","dateModified":"2022-01-06T08:06:32+00:00","description":"F\u00e5 et tilbud i det offentlige p\u00e5 klimavenlige varmepumper p\u00e5 abonnement hos N\u00e6rvarme Danmark. Bestil et gratis og uforpligtende tilbud i dag.","breadcrumb":{"@id":"https:\/\/naervarme.dk\/kommune\/bestil-tilbud-offentlige\/#breadcrumb"},"inLanguage":"da-DK","potentialAction":[{"@type":"ReadAction","target":["https:\/\/naervarme.dk\/kommune\/bestil-tilbud-offentlige\/"]}]},{"@type":"BreadcrumbList","@id":"https:\/\/naervarme.dk\/kommune\/bestil-tilbud-offentlige\/#breadcrumb","itemListElement":[{"@type":"ListItem","position":1,"name":"Hjem","item":"https:\/\/naervarme.dk\/kommune\/"},{"@type":"ListItem","position":2,"name":"Bestil tilbud offentlige"}]},{"@type":"WebSite","@id":"https:\/\/naervarme.dk\/kommune\/#website","url":"https:\/\/naervarme.dk\/kommune\/","name":"N\u00e6rvarme Danmark A\/S - Kommune","description":"| N\u00e6rvarme med luft til vand varmepumper p\u00e5 abonnement. Helt enkelt.","potentialAction":[{"@type":"SearchAction","target":{"@type":"EntryPoint","urlTemplate":"https:\/\/naervarme.dk\/kommune\/?s={search_term_string}"},"query-input":{"@type":"PropertyValueSpecification","valueRequired":true,"valueName":"search_term_string"}}],"inLanguage":"da-DK"}]}},"_links":{"self":[{"href":"https:\/\/naervarme.dk\/kommune\/wp-json\/wp\/v2\/pages\/8198","targetHints":{"allow":["GET"]}}],"collection":[{"href":"https:\/\/naervarme.dk\/kommune\/wp-json\/wp\/v2\/pages"}],"about":[{"href":"https:\/\/naervarme.dk\/kommune\/wp-json\/wp\/v2\/types\/page"}],"author":[{"embeddable":true,"href":"https:\/\/naervarme.dk\/kommune\/wp-json\/wp\/v2\/users\/2"}],"replies":[{"embeddable":true,"href":"https:\/\/naervarme.dk\/kommune\/wp-json\/wp\/v2\/comments?post=8198"}],"version-history":[{"count":0,"href":"https:\/\/naervarme.dk\/kommune\/wp-json\/wp\/v2\/pages\/8198\/revisions"}],"wp:attachment":[{"href":"https:\/\/naervarme.dk\/kommune\/wp-json\/wp\/v2\/media?parent=8198"}],"curies":[{"name":"wp","href":"https:\/\/api.w.org\/{rel}","templated":true}]}}